{"id":180,"date":"2025-11-27T09:22:20","date_gmt":"2025-11-27T09:22:20","guid":{"rendered":"https:\/\/borgodicolleoliresort-lp.ms3.decms.eu\/?page_id=180"},"modified":"2025-12-10T16:39:34","modified_gmt":"2025-12-10T16:39:34","slug":"borgo-di-colleoli-resort","status":"publish","type":"page","link":"https:\/\/www.borgodicolleoliresort.com\/de\/","title":{"rendered":"Borgo di Colleoli Resort"},"content":{"rendered":"<p style=\"text-align: center;\">Ein Aufenthalt voller Charme \u2013 zwischen Geschichte und Natur im Herzen der Toskana, zwischen Pisa, Florenz und Siena \u2013 erwartet Sie im Borgo di Colleoli, das malerisch auf einem Tuffh\u00fcgel liegt, umgeben von Olivenhainen.<\/p>\n<p style=\"text-align: center;\">Die urspr\u00fcngliche\u00a0<strong>Burg von Colleoli<\/strong>, einst im Besitz der Familie Leoli und aus dem fr\u00fchen Mittelalter stammend, wurde 1424 von der Familie Agostini Venerosi Della Seta erworben. Zwischen dem 17. und 18. Jahrhundert wurde sie dank bedeutender Restaurierungsarbeiten an Innenr\u00e4umen, Fresken und dekorativen Elementen in eine herrschaftliche Villa und ein Landgut umgewandelt. Heute besteht das Anwesen aus einer Hauptvilla im Zentrum eines Komplexes l\u00e4ndlicher Geb\u00e4ude, die einst Teil des landwirtschaftlichen Betriebs waren: einer \u00d6lm\u00fchle, einer Scheune und einer Werkstatt.<\/p>\n","protected":false},"excerpt":{"rendered":"<p>Ein Aufenthalt voller Charme \u2013 zwischen Geschichte und Natur im Herzen der Toskana, zwischen Pisa, Florenz und Siena \u2013 erwartet Sie im Borgo di Colleoli, das malerisch auf einem Tuffh\u00fcgel liegt, umgeben von Olivenhainen. Die urspr\u00fcngliche\u00a0Burg von Colleoli, einst im Besitz der Familie Leoli und aus dem fr\u00fchen Mittelalter stammend, wurde 1424 von der Familie [&hellip;]<\/p>\n","protected":false},"author":6,"featured_media":0,"parent":0,"menu_order":10,"comment_status":"closed","ping_status":"closed","template":"","meta":{"footnotes":""},"class_list":["post-180","page","type-page","status-publish","hentry"],"yoast_head":"<!-- This site is optimized with the Yoast SEO plugin v26.9 - https:\/\/yoast.com\/product\/yoast-seo-wordpress\/ -->\n<title>Borgo di Colleoli Resort - Borgo di Colleoli Resort - Sito Ufficiale 2025\/26 - Resort in Toscana<\/title>\n<meta name=\"description\" content=\"L&#039;unico sito ufficiale del Borgo di Colleoli Resort- Ein Aufenthalt voller Charme \u2013 zwischen Geschichte und Natur im Herzen der Toskana, zwischen Pisa, Florenz und Siena \u2013 erwartet Sie im Borgo di Colleoli, das malerisch auf einem Tuffh\u00fcgel liegt, umgeben von Olivenhainen. Die urspr\u00fcngliche\u00a0Burg von Colleoli, einst im Besitz der Familie Leoli und aus dem fr\u00fchen Mittelalter stammend, wurde 1424 von der Familie Agostini Venerosi Della Seta erworben. Zwischen dem 17- Offerte esclusive stagione 2026\" \/>\n<meta name=\"robots\" content=\"index, follow, max-snippet:-1, max-image-preview:large, max-video-preview:-1\" \/>\n<link rel=\"canonical\" href=\"https:\/\/www.borgodicolleoliresort.com\/de\/\" \/>\n<meta property=\"og:locale\" content=\"de_DE\" \/>\n<meta property=\"og:type\" content=\"article\" \/>\n<meta property=\"og:title\" content=\"Borgo di Colleoli Resort - Borgo di Colleoli Resort - Sito Ufficiale 2025\/26 - Resort in Toscana\" \/>\n<meta property=\"og:description\" content=\"L&#039;unico sito ufficiale del Borgo di Colleoli Resort- Ein Aufenthalt voller Charme \u2013 zwischen Geschichte und Natur im Herzen der Toskana, zwischen Pisa, Florenz und Siena \u2013 erwartet Sie im Borgo di Colleoli, das malerisch auf einem Tuffh\u00fcgel liegt, umgeben von Olivenhainen. Die urspr\u00fcngliche\u00a0Burg von Colleoli, einst im Besitz der Familie Leoli und aus dem fr\u00fchen Mittelalter stammend, wurde 1424 von der Familie Agostini Venerosi Della Seta erworben. Zwischen dem 17- Offerte esclusive stagione 2026\" \/>\n<meta property=\"og:url\" content=\"https:\/\/www.borgodicolleoliresort.com\/de\/\" \/>\n<meta property=\"og:site_name\" content=\"Borgo di Colleoli Resort\" \/>\n<meta property=\"article:modified_time\" content=\"2025-12-10T16:39:34+00:00\" \/>\n<meta property=\"og:image\" content=\"https:\/\/www.borgodicolleoliresort.com\/wp-content\/uploads\/sites\/34\/2025\/12\/borgo_colleoli_resort_slide_52.jpg\" \/>\n\t<meta property=\"og:image:width\" content=\"2200\" \/>\n\t<meta property=\"og:image:height\" content=\"1200\" \/>\n\t<meta property=\"og:image:type\" content=\"image\/jpeg\" \/>\n<meta name=\"twitter:card\" content=\"summary_large_image\" \/>\n<meta name=\"twitter:label1\" content=\"Est. reading time\" \/>\n\t<meta name=\"twitter:data1\" content=\"1\u00a0Minute\" \/>\n<script type=\"application\/ld+json\" class=\"yoast-schema-graph\">{\"@context\":\"https:\/\/schema.org\",\"@graph\":[{\"@type\":\"WebPage\",\"@id\":\"https:\/\/www.borgodicolleoliresort.com\/de\/\",\"url\":\"https:\/\/www.borgodicolleoliresort.com\/de\/\",\"name\":\"Borgo di Colleoli Resort - Borgo di Colleoli Resort - Sito Ufficiale 2025\/26 - Resort in Toscana\",\"isPartOf\":{\"@id\":\"https:\/\/www.borgodicolleoliresort.com\/de\/#website\"},\"datePublished\":\"2025-11-27T09:22:20+00:00\",\"dateModified\":\"2025-12-10T16:39:34+00:00\",\"description\":\"L'unico sito ufficiale del Borgo di Colleoli Resort- Ein Aufenthalt voller Charme \u2013 zwischen Geschichte und Natur im Herzen der Toskana, zwischen Pisa, Florenz und Siena \u2013 erwartet Sie im Borgo di Colleoli, das malerisch auf einem Tuffh\u00fcgel liegt, umgeben von Olivenhainen. Die urspr\u00fcngliche\u00a0Burg von Colleoli, einst im Besitz der Familie Leoli und aus dem fr\u00fchen Mittelalter stammend, wurde 1424 von der Familie Agostini Venerosi Della Seta erworben. Zwischen dem 17- Offerte esclusive stagione 2026\",\"breadcrumb\":{\"@id\":\"https:\/\/www.borgodicolleoliresort.com\/de\/#breadcrumb\"},\"inLanguage\":\"de\",\"potentialAction\":[{\"@type\":\"ReadAction\",\"target\":[\"https:\/\/www.borgodicolleoliresort.com\/de\/\"]}]},{\"@type\":\"BreadcrumbList\",\"@id\":\"https:\/\/www.borgodicolleoliresort.com\/de\/#breadcrumb\",\"itemListElement\":[{\"@type\":\"ListItem\",\"position\":1,\"name\":\"Home\",\"item\":\"https:\/\/www.borgodicolleoliresort.com\/de\/\"},{\"@type\":\"ListItem\",\"position\":2,\"name\":\"Borgo di Colleoli Resort\"}]},{\"@type\":\"WebSite\",\"@id\":\"https:\/\/www.borgodicolleoliresort.com\/de\/#website\",\"url\":\"https:\/\/www.borgodicolleoliresort.com\/de\/\",\"name\":\"Borgo di Colleoli Resort\",\"description\":\"\",\"publisher\":{\"@id\":\"https:\/\/www.borgodicolleoliresort.com\/de\/#organization\"},\"potentialAction\":[{\"@type\":\"SearchAction\",\"target\":{\"@type\":\"EntryPoint\",\"urlTemplate\":\"https:\/\/www.borgodicolleoliresort.com\/de\/?s={search_term_string}\"},\"query-input\":{\"@type\":\"PropertyValueSpecification\",\"valueRequired\":true,\"valueName\":\"search_term_string\"}}],\"inLanguage\":\"de\"},{\"@type\":\"Organization\",\"@id\":\"https:\/\/www.borgodicolleoliresort.com\/de\/#organization\",\"name\":\"Borgo di Colleoli Resort\",\"url\":\"https:\/\/www.borgodicolleoliresort.com\/de\/\",\"logo\":{\"@type\":\"ImageObject\",\"inLanguage\":\"de\",\"@id\":\"https:\/\/www.borgodicolleoliresort.com\/de\/#\/schema\/logo\/image\/\",\"url\":\"https:\/\/www.borgodicolleoliresort.com\/wp-content\/uploads\/sites\/34\/2025\/12\/logo_borgo_colleoli_resort_sand_vet.svg\",\"contentUrl\":\"https:\/\/www.borgodicolleoliresort.com\/wp-content\/uploads\/sites\/34\/2025\/12\/logo_borgo_colleoli_resort_sand_vet.svg\",\"width\":521,\"height\":507,\"caption\":\"Borgo di Colleoli Resort\"},\"image\":{\"@id\":\"https:\/\/www.borgodicolleoliresort.com\/de\/#\/schema\/logo\/image\/\"}}]}<\/script>\n<!-- \/ Yoast SEO plugin. -->","yoast_head_json":{"title":"Borgo di Colleoli Resort - Borgo di Colleoli Resort - Sito Ufficiale 2025\/26 - Resort in Toscana","description":"L'unico sito ufficiale del Borgo di Colleoli Resort- Ein Aufenthalt voller Charme \u2013 zwischen Geschichte und Natur im Herzen der Toskana, zwischen Pisa, Florenz und Siena \u2013 erwartet Sie im Borgo di Colleoli, das malerisch auf einem Tuffh\u00fcgel liegt, umgeben von Olivenhainen. Die urspr\u00fcngliche\u00a0Burg von Colleoli, einst im Besitz der Familie Leoli und aus dem fr\u00fchen Mittelalter stammend, wurde 1424 von der Familie Agostini Venerosi Della Seta erworben. Zwischen dem 17- Offerte esclusive stagione 2026","robots":{"index":"index","follow":"follow","max-snippet":"max-snippet:-1","max-image-preview":"max-image-preview:large","max-video-preview":"max-video-preview:-1"},"canonical":"https:\/\/www.borgodicolleoliresort.com\/de\/","og_locale":"de_DE","og_type":"article","og_title":"Borgo di Colleoli Resort - Borgo di Colleoli Resort - Sito Ufficiale 2025\/26 - Resort in Toscana","og_description":"L'unico sito ufficiale del Borgo di Colleoli Resort- Ein Aufenthalt voller Charme \u2013 zwischen Geschichte und Natur im Herzen der Toskana, zwischen Pisa, Florenz und Siena \u2013 erwartet Sie im Borgo di Colleoli, das malerisch auf einem Tuffh\u00fcgel liegt, umgeben von Olivenhainen. Die urspr\u00fcngliche\u00a0Burg von Colleoli, einst im Besitz der Familie Leoli und aus dem fr\u00fchen Mittelalter stammend, wurde 1424 von der Familie Agostini Venerosi Della Seta erworben. Zwischen dem 17- Offerte esclusive stagione 2026","og_url":"https:\/\/www.borgodicolleoliresort.com\/de\/","og_site_name":"Borgo di Colleoli Resort","article_modified_time":"2025-12-10T16:39:34+00:00","og_image":[{"width":2200,"height":1200,"url":"https:\/\/www.borgodicolleoliresort.com\/wp-content\/uploads\/sites\/34\/2025\/12\/borgo_colleoli_resort_slide_52.jpg","type":"image\/jpeg"}],"twitter_card":"summary_large_image","twitter_misc":{"Est. reading time":"1\u00a0Minute"},"schema":{"@context":"https:\/\/schema.org","@graph":[{"@type":"WebPage","@id":"https:\/\/www.borgodicolleoliresort.com\/de\/","url":"https:\/\/www.borgodicolleoliresort.com\/de\/","name":"Borgo di Colleoli Resort - Borgo di Colleoli Resort - Sito Ufficiale 2025\/26 - Resort in Toscana","isPartOf":{"@id":"https:\/\/www.borgodicolleoliresort.com\/de\/#website"},"datePublished":"2025-11-27T09:22:20+00:00","dateModified":"2025-12-10T16:39:34+00:00","description":"L'unico sito ufficiale del Borgo di Colleoli Resort- Ein Aufenthalt voller Charme \u2013 zwischen Geschichte und Natur im Herzen der Toskana, zwischen Pisa, Florenz und Siena \u2013 erwartet Sie im Borgo di Colleoli, das malerisch auf einem Tuffh\u00fcgel liegt, umgeben von Olivenhainen. Die urspr\u00fcngliche\u00a0Burg von Colleoli, einst im Besitz der Familie Leoli und aus dem fr\u00fchen Mittelalter stammend, wurde 1424 von der Familie Agostini Venerosi Della Seta erworben. Zwischen dem 17- Offerte esclusive stagione 2026","breadcrumb":{"@id":"https:\/\/www.borgodicolleoliresort.com\/de\/#breadcrumb"},"inLanguage":"de","potentialAction":[{"@type":"ReadAction","target":["https:\/\/www.borgodicolleoliresort.com\/de\/"]}]},{"@type":"BreadcrumbList","@id":"https:\/\/www.borgodicolleoliresort.com\/de\/#breadcrumb","itemListElement":[{"@type":"ListItem","position":1,"name":"Home","item":"https:\/\/www.borgodicolleoliresort.com\/de\/"},{"@type":"ListItem","position":2,"name":"Borgo di Colleoli Resort"}]},{"@type":"WebSite","@id":"https:\/\/www.borgodicolleoliresort.com\/de\/#website","url":"https:\/\/www.borgodicolleoliresort.com\/de\/","name":"Borgo di Colleoli Resort","description":"","publisher":{"@id":"https:\/\/www.borgodicolleoliresort.com\/de\/#organization"},"potentialAction":[{"@type":"SearchAction","target":{"@type":"EntryPoint","urlTemplate":"https:\/\/www.borgodicolleoliresort.com\/de\/?s={search_term_string}"},"query-input":{"@type":"PropertyValueSpecification","valueRequired":true,"valueName":"search_term_string"}}],"inLanguage":"de"},{"@type":"Organization","@id":"https:\/\/www.borgodicolleoliresort.com\/de\/#organization","name":"Borgo di Colleoli Resort","url":"https:\/\/www.borgodicolleoliresort.com\/de\/","logo":{"@type":"ImageObject","inLanguage":"de","@id":"https:\/\/www.borgodicolleoliresort.com\/de\/#\/schema\/logo\/image\/","url":"https:\/\/www.borgodicolleoliresort.com\/wp-content\/uploads\/sites\/34\/2025\/12\/logo_borgo_colleoli_resort_sand_vet.svg","contentUrl":"https:\/\/www.borgodicolleoliresort.com\/wp-content\/uploads\/sites\/34\/2025\/12\/logo_borgo_colleoli_resort_sand_vet.svg","width":521,"height":507,"caption":"Borgo di Colleoli Resort"},"image":{"@id":"https:\/\/www.borgodicolleoliresort.com\/de\/#\/schema\/logo\/image\/"}}]}},"acf":[],"_links":{"self":[{"href":"https:\/\/www.borgodicolleoliresort.com\/de\/wp-json\/wp\/v2\/pages\/180","targetHints":{"allow":["GET"]}}],"collection":[{"href":"https:\/\/www.borgodicolleoliresort.com\/de\/wp-json\/wp\/v2\/pages"}],"about":[{"href":"https:\/\/www.borgodicolleoliresort.com\/de\/wp-json\/wp\/v2\/types\/page"}],"author":[{"embeddable":true,"href":"https:\/\/www.borgodicolleoliresort.com\/de\/wp-json\/wp\/v2\/users\/6"}],"replies":[{"embeddable":true,"href":"https:\/\/www.borgodicolleoliresort.com\/de\/wp-json\/wp\/v2\/comments?post=180"}],"version-history":[{"count":0,"href":"https:\/\/www.borgodicolleoliresort.com\/de\/wp-json\/wp\/v2\/pages\/180\/revisions"}],"wp:attachment":[{"href":"https:\/\/www.borgodicolleoliresort.com\/de\/wp-json\/wp\/v2\/media?parent=180"}],"curies":[{"name":"wp","href":"https:\/\/api.w.org\/{rel}","templated":true}]}}