{"id":193,"date":"2025-11-27T09:45:05","date_gmt":"2025-11-27T09:45:05","guid":{"rendered":"https:\/\/borgodicolleoliresort-lp.ms3.decms.eu\/?page_id=193"},"modified":"2025-12-10T16:38:09","modified_gmt":"2025-12-10T16:38:09","slug":"deluxe-dreizimmerwohnung-mit-2-schlafzimmern-und-privatem-garten","status":"publish","type":"page","link":"https:\/\/www.borgodicolleoliresort.com\/de\/borgo-di-colleoli-resort\/deluxe-dreizimmerwohnung-mit-2-schlafzimmern-und-privatem-garten\/","title":{"rendered":"Deluxe Dreizimmerwohnung Garten"},"content":{"rendered":"<p>Elegantes Dreizimmerapartment im Erdgeschoss, ideal f\u00fcr Familien oder Freundesgruppen mit bis zu 6 Personen. Mit einer Wohnfl\u00e4che zwischen 60 und 90 m\u00b2 bietet dieses einladende Apartment zwei Schlafzimmer mit Doppelbett, ein Wohnzimmer mit Doppelschlafsofa, eine komplett ausgestattete K\u00fcche sowie zwei private Badezimmer mit Dusche. Der Garten, ausgestattet mit Tisch und St\u00fchlen, ist der perfekte Ort, um in v\u00f6lliger Entspannung ein Glas Wein zu genie\u00dfen. Jede Unterkunft ist einzigartig und voller Charme, mit originalen architektonischen Merkmalen. Die in der Galerie gezeigten Bilder sind repr\u00e4sentativ f\u00fcr die gew\u00e4hlte Kategorie, zeigen jedoch nicht alle verf\u00fcgbaren Varianten. Die zugeteilte Unterkunft kann daher in einigen Details abweichen, garantiert jedoch stets denselben Komfort und authentischen toskanischen Stil.<\/p>\n","protected":false},"excerpt":{"rendered":"<p>Elegantes Dreizimmerapartment im Erdgeschoss, ideal f\u00fcr Familien oder Freundesgruppen mit bis zu 6 Personen. Mit einer Wohnfl\u00e4che zwischen 60 und 90 m\u00b2 bietet dieses einladende Apartment zwei Schlafzimmer mit Doppelbett, ein Wohnzimmer mit Doppelschlafsofa, eine komplett ausgestattete K\u00fcche sowie zwei private Badezimmer mit Dusche. Der Garten, ausgestattet mit Tisch und St\u00fchlen, ist der perfekte Ort, [&hellip;]<\/p>\n","protected":false},"author":6,"featured_media":0,"parent":180,"menu_order":90,"comment_status":"closed","ping_status":"closed","template":"template-single-room.php","meta":{"footnotes":""},"class_list":["post-193","page","type-page","status-publish","hentry"],"yoast_head":"<!-- This site is optimized with the Yoast SEO plugin v26.9 - https:\/\/yoast.com\/product\/yoast-seo-wordpress\/ -->\n<title>Deluxe Dreizimmerwohnung Garten - Borgo di Colleoli Resort - Sito Ufficiale 2025\/26 - Resort in Toscana<\/title>\n<meta name=\"description\" content=\"L&#039;unico sito ufficiale del Borgo di Colleoli Resort- Elegantes Dreizimmerapartment im Erdgeschoss, ideal f\u00fcr Familien oder Freundesgruppen mit bis zu 6 Personen. Mit einer Wohnfl\u00e4che zwischen 60 und 90 m\u00b2 bietet dieses einladende Apartment zwei Schlafzimmer mit Doppelbett, ein Wohnzimmer mit Doppelschlafsofa, eine komplett ausgestattete K\u00fcche sowie zwei private Badezimmer mit Dusche- Offerte esclusive stagione 2026\" \/>\n<meta name=\"robots\" content=\"index, follow, max-snippet:-1, max-image-preview:large, max-video-preview:-1\" \/>\n<link rel=\"canonical\" href=\"https:\/\/www.borgodicolleoliresort.com\/de\/borgo-di-colleoli-resort\/deluxe-dreizimmerwohnung-mit-2-schlafzimmern-und-privatem-garten\/\" \/>\n<meta property=\"og:locale\" content=\"de_DE\" \/>\n<meta property=\"og:type\" content=\"article\" \/>\n<meta property=\"og:title\" content=\"Deluxe Dreizimmerwohnung Garten - Borgo di Colleoli Resort - Sito Ufficiale 2025\/26 - Resort in Toscana\" \/>\n<meta property=\"og:description\" content=\"L&#039;unico sito ufficiale del Borgo di Colleoli Resort- Elegantes Dreizimmerapartment im Erdgeschoss, ideal f\u00fcr Familien oder Freundesgruppen mit bis zu 6 Personen. Mit einer Wohnfl\u00e4che zwischen 60 und 90 m\u00b2 bietet dieses einladende Apartment zwei Schlafzimmer mit Doppelbett, ein Wohnzimmer mit Doppelschlafsofa, eine komplett ausgestattete K\u00fcche sowie zwei private Badezimmer mit Dusche- Offerte esclusive stagione 2026\" \/>\n<meta property=\"og:url\" content=\"https:\/\/www.borgodicolleoliresort.com\/de\/borgo-di-colleoli-resort\/deluxe-dreizimmerwohnung-mit-2-schlafzimmern-und-privatem-garten\/\" \/>\n<meta property=\"og:site_name\" content=\"Borgo di Colleoli Resort\" \/>\n<meta property=\"article:modified_time\" content=\"2025-12-10T16:38:09+00:00\" \/>\n<meta property=\"og:image\" content=\"https:\/\/www.borgodicolleoliresort.com\/wp-content\/uploads\/sites\/34\/2025\/12\/borgo_colleoli_resort_slide_52.jpg\" \/>\n\t<meta property=\"og:image:width\" content=\"2200\" \/>\n\t<meta property=\"og:image:height\" content=\"1200\" \/>\n\t<meta property=\"og:image:type\" content=\"image\/jpeg\" \/>\n<meta name=\"twitter:card\" content=\"summary_large_image\" \/>\n<meta name=\"twitter:label1\" content=\"Est. reading time\" \/>\n\t<meta name=\"twitter:data1\" content=\"1\u00a0Minute\" \/>\n<script type=\"application\/ld+json\" class=\"yoast-schema-graph\">{\"@context\":\"https:\/\/schema.org\",\"@graph\":[{\"@type\":\"WebPage\",\"@id\":\"https:\/\/www.borgodicolleoliresort.com\/de\/borgo-di-colleoli-resort\/deluxe-dreizimmerwohnung-mit-2-schlafzimmern-und-privatem-garten\/\",\"url\":\"https:\/\/www.borgodicolleoliresort.com\/de\/borgo-di-colleoli-resort\/deluxe-dreizimmerwohnung-mit-2-schlafzimmern-und-privatem-garten\/\",\"name\":\"Deluxe Dreizimmerwohnung Garten - Borgo di Colleoli Resort - Sito Ufficiale 2025\/26 - Resort in Toscana\",\"isPartOf\":{\"@id\":\"https:\/\/www.borgodicolleoliresort.com\/de\/#website\"},\"datePublished\":\"2025-11-27T09:45:05+00:00\",\"dateModified\":\"2025-12-10T16:38:09+00:00\",\"description\":\"L'unico sito ufficiale del Borgo di Colleoli Resort- Elegantes Dreizimmerapartment im Erdgeschoss, ideal f\u00fcr Familien oder Freundesgruppen mit bis zu 6 Personen. Mit einer Wohnfl\u00e4che zwischen 60 und 90 m\u00b2 bietet dieses einladende Apartment zwei Schlafzimmer mit Doppelbett, ein Wohnzimmer mit Doppelschlafsofa, eine komplett ausgestattete K\u00fcche sowie zwei private Badezimmer mit Dusche- Offerte esclusive stagione 2026\",\"breadcrumb\":{\"@id\":\"https:\/\/www.borgodicolleoliresort.com\/de\/borgo-di-colleoli-resort\/deluxe-dreizimmerwohnung-mit-2-schlafzimmern-und-privatem-garten\/#breadcrumb\"},\"inLanguage\":\"de\",\"potentialAction\":[{\"@type\":\"ReadAction\",\"target\":[\"https:\/\/www.borgodicolleoliresort.com\/de\/borgo-di-colleoli-resort\/deluxe-dreizimmerwohnung-mit-2-schlafzimmern-und-privatem-garten\/\"]}]},{\"@type\":\"BreadcrumbList\",\"@id\":\"https:\/\/www.borgodicolleoliresort.com\/de\/borgo-di-colleoli-resort\/deluxe-dreizimmerwohnung-mit-2-schlafzimmern-und-privatem-garten\/#breadcrumb\",\"itemListElement\":[{\"@type\":\"ListItem\",\"position\":1,\"name\":\"Home\",\"item\":\"https:\/\/www.borgodicolleoliresort.com\/de\/\"},{\"@type\":\"ListItem\",\"position\":2,\"name\":\"Borgo di Colleoli Resort\",\"item\":\"https:\/\/www.borgodicolleoliresort.com\/de\/\"},{\"@type\":\"ListItem\",\"position\":3,\"name\":\"Deluxe Dreizimmerwohnung Garten\"}]},{\"@type\":\"WebSite\",\"@id\":\"https:\/\/www.borgodicolleoliresort.com\/de\/#website\",\"url\":\"https:\/\/www.borgodicolleoliresort.com\/de\/\",\"name\":\"Borgo di Colleoli Resort\",\"description\":\"\",\"publisher\":{\"@id\":\"https:\/\/www.borgodicolleoliresort.com\/de\/#organization\"},\"potentialAction\":[{\"@type\":\"SearchAction\",\"target\":{\"@type\":\"EntryPoint\",\"urlTemplate\":\"https:\/\/www.borgodicolleoliresort.com\/de\/?s={search_term_string}\"},\"query-input\":{\"@type\":\"PropertyValueSpecification\",\"valueRequired\":true,\"valueName\":\"search_term_string\"}}],\"inLanguage\":\"de\"},{\"@type\":\"Organization\",\"@id\":\"https:\/\/www.borgodicolleoliresort.com\/de\/#organization\",\"name\":\"Borgo di Colleoli Resort\",\"url\":\"https:\/\/www.borgodicolleoliresort.com\/de\/\",\"logo\":{\"@type\":\"ImageObject\",\"inLanguage\":\"de\",\"@id\":\"https:\/\/www.borgodicolleoliresort.com\/de\/#\/schema\/logo\/image\/\",\"url\":\"https:\/\/www.borgodicolleoliresort.com\/wp-content\/uploads\/sites\/34\/2025\/12\/logo_borgo_colleoli_resort_sand_vet.svg\",\"contentUrl\":\"https:\/\/www.borgodicolleoliresort.com\/wp-content\/uploads\/sites\/34\/2025\/12\/logo_borgo_colleoli_resort_sand_vet.svg\",\"width\":521,\"height\":507,\"caption\":\"Borgo di Colleoli Resort\"},\"image\":{\"@id\":\"https:\/\/www.borgodicolleoliresort.com\/de\/#\/schema\/logo\/image\/\"}}]}<\/script>\n<!-- \/ Yoast SEO plugin. -->","yoast_head_json":{"title":"Deluxe Dreizimmerwohnung Garten - Borgo di Colleoli Resort - Sito Ufficiale 2025\/26 - Resort in Toscana","description":"L'unico sito ufficiale del Borgo di Colleoli Resort- Elegantes Dreizimmerapartment im Erdgeschoss, ideal f\u00fcr Familien oder Freundesgruppen mit bis zu 6 Personen. Mit einer Wohnfl\u00e4che zwischen 60 und 90 m\u00b2 bietet dieses einladende Apartment zwei Schlafzimmer mit Doppelbett, ein Wohnzimmer mit Doppelschlafsofa, eine komplett ausgestattete K\u00fcche sowie zwei private Badezimmer mit Dusche- Offerte esclusive stagione 2026","robots":{"index":"index","follow":"follow","max-snippet":"max-snippet:-1","max-image-preview":"max-image-preview:large","max-video-preview":"max-video-preview:-1"},"canonical":"https:\/\/www.borgodicolleoliresort.com\/de\/borgo-di-colleoli-resort\/deluxe-dreizimmerwohnung-mit-2-schlafzimmern-und-privatem-garten\/","og_locale":"de_DE","og_type":"article","og_title":"Deluxe Dreizimmerwohnung Garten - Borgo di Colleoli Resort - Sito Ufficiale 2025\/26 - Resort in Toscana","og_description":"L'unico sito ufficiale del Borgo di Colleoli Resort- Elegantes Dreizimmerapartment im Erdgeschoss, ideal f\u00fcr Familien oder Freundesgruppen mit bis zu 6 Personen. Mit einer Wohnfl\u00e4che zwischen 60 und 90 m\u00b2 bietet dieses einladende Apartment zwei Schlafzimmer mit Doppelbett, ein Wohnzimmer mit Doppelschlafsofa, eine komplett ausgestattete K\u00fcche sowie zwei private Badezimmer mit Dusche- Offerte esclusive stagione 2026","og_url":"https:\/\/www.borgodicolleoliresort.com\/de\/borgo-di-colleoli-resort\/deluxe-dreizimmerwohnung-mit-2-schlafzimmern-und-privatem-garten\/","og_site_name":"Borgo di Colleoli Resort","article_modified_time":"2025-12-10T16:38:09+00:00","og_image":[{"width":2200,"height":1200,"url":"https:\/\/www.borgodicolleoliresort.com\/wp-content\/uploads\/sites\/34\/2025\/12\/borgo_colleoli_resort_slide_52.jpg","type":"image\/jpeg"}],"twitter_card":"summary_large_image","twitter_misc":{"Est. reading time":"1\u00a0Minute"},"schema":{"@context":"https:\/\/schema.org","@graph":[{"@type":"WebPage","@id":"https:\/\/www.borgodicolleoliresort.com\/de\/borgo-di-colleoli-resort\/deluxe-dreizimmerwohnung-mit-2-schlafzimmern-und-privatem-garten\/","url":"https:\/\/www.borgodicolleoliresort.com\/de\/borgo-di-colleoli-resort\/deluxe-dreizimmerwohnung-mit-2-schlafzimmern-und-privatem-garten\/","name":"Deluxe Dreizimmerwohnung Garten - Borgo di Colleoli Resort - Sito Ufficiale 2025\/26 - Resort in Toscana","isPartOf":{"@id":"https:\/\/www.borgodicolleoliresort.com\/de\/#website"},"datePublished":"2025-11-27T09:45:05+00:00","dateModified":"2025-12-10T16:38:09+00:00","description":"L'unico sito ufficiale del Borgo di Colleoli Resort- Elegantes Dreizimmerapartment im Erdgeschoss, ideal f\u00fcr Familien oder Freundesgruppen mit bis zu 6 Personen. Mit einer Wohnfl\u00e4che zwischen 60 und 90 m\u00b2 bietet dieses einladende Apartment zwei Schlafzimmer mit Doppelbett, ein Wohnzimmer mit Doppelschlafsofa, eine komplett ausgestattete K\u00fcche sowie zwei private Badezimmer mit Dusche- Offerte esclusive stagione 2026","breadcrumb":{"@id":"https:\/\/www.borgodicolleoliresort.com\/de\/borgo-di-colleoli-resort\/deluxe-dreizimmerwohnung-mit-2-schlafzimmern-und-privatem-garten\/#breadcrumb"},"inLanguage":"de","potentialAction":[{"@type":"ReadAction","target":["https:\/\/www.borgodicolleoliresort.com\/de\/borgo-di-colleoli-resort\/deluxe-dreizimmerwohnung-mit-2-schlafzimmern-und-privatem-garten\/"]}]},{"@type":"BreadcrumbList","@id":"https:\/\/www.borgodicolleoliresort.com\/de\/borgo-di-colleoli-resort\/deluxe-dreizimmerwohnung-mit-2-schlafzimmern-und-privatem-garten\/#breadcrumb","itemListElement":[{"@type":"ListItem","position":1,"name":"Home","item":"https:\/\/www.borgodicolleoliresort.com\/de\/"},{"@type":"ListItem","position":2,"name":"Borgo di Colleoli Resort","item":"https:\/\/www.borgodicolleoliresort.com\/de\/"},{"@type":"ListItem","position":3,"name":"Deluxe Dreizimmerwohnung Garten"}]},{"@type":"WebSite","@id":"https:\/\/www.borgodicolleoliresort.com\/de\/#website","url":"https:\/\/www.borgodicolleoliresort.com\/de\/","name":"Borgo di Colleoli Resort","description":"","publisher":{"@id":"https:\/\/www.borgodicolleoliresort.com\/de\/#organization"},"potentialAction":[{"@type":"SearchAction","target":{"@type":"EntryPoint","urlTemplate":"https:\/\/www.borgodicolleoliresort.com\/de\/?s={search_term_string}"},"query-input":{"@type":"PropertyValueSpecification","valueRequired":true,"valueName":"search_term_string"}}],"inLanguage":"de"},{"@type":"Organization","@id":"https:\/\/www.borgodicolleoliresort.com\/de\/#organization","name":"Borgo di Colleoli Resort","url":"https:\/\/www.borgodicolleoliresort.com\/de\/","logo":{"@type":"ImageObject","inLanguage":"de","@id":"https:\/\/www.borgodicolleoliresort.com\/de\/#\/schema\/logo\/image\/","url":"https:\/\/www.borgodicolleoliresort.com\/wp-content\/uploads\/sites\/34\/2025\/12\/logo_borgo_colleoli_resort_sand_vet.svg","contentUrl":"https:\/\/www.borgodicolleoliresort.com\/wp-content\/uploads\/sites\/34\/2025\/12\/logo_borgo_colleoli_resort_sand_vet.svg","width":521,"height":507,"caption":"Borgo di Colleoli Resort"},"image":{"@id":"https:\/\/www.borgodicolleoliresort.com\/de\/#\/schema\/logo\/image\/"}}]}},"acf":[],"_links":{"self":[{"href":"https:\/\/www.borgodicolleoliresort.com\/de\/wp-json\/wp\/v2\/pages\/193","targetHints":{"allow":["GET"]}}],"collection":[{"href":"https:\/\/www.borgodicolleoliresort.com\/de\/wp-json\/wp\/v2\/pages"}],"about":[{"href":"https:\/\/www.borgodicolleoliresort.com\/de\/wp-json\/wp\/v2\/types\/page"}],"author":[{"embeddable":true,"href":"https:\/\/www.borgodicolleoliresort.com\/de\/wp-json\/wp\/v2\/users\/6"}],"replies":[{"embeddable":true,"href":"https:\/\/www.borgodicolleoliresort.com\/de\/wp-json\/wp\/v2\/comments?post=193"}],"version-history":[{"count":0,"href":"https:\/\/www.borgodicolleoliresort.com\/de\/wp-json\/wp\/v2\/pages\/193\/revisions"}],"up":[{"embeddable":true,"href":"https:\/\/www.borgodicolleoliresort.com\/de\/wp-json\/wp\/v2\/pages\/180"}],"wp:attachment":[{"href":"https:\/\/www.borgodicolleoliresort.com\/de\/wp-json\/wp\/v2\/media?parent=193"}],"curies":[{"name":"wp","href":"https:\/\/api.w.org\/{rel}","templated":true}]}}